{"id":4146,"date":"2020-07-11T21:20:48","date_gmt":"2020-07-11T19:20:48","guid":{"rendered":"https:\/\/www.beon.net\/strategic-partnerships\/redhat\/"},"modified":"2021-06-02T23:19:05","modified_gmt":"2021-06-02T21:19:05","slug":"redhat","status":"publish","type":"page","link":"https:\/\/www.beon.net\/de\/unsere-consulting-services\/strategische-partnerschaften\/redhat\/","title":{"rendered":"Red Hat"},"content":{"rendered":"<div class=\"wpb-content-wrapper\"><p>[vc_row row_color_scheme_outer=&#8221;white&#8221;][vc_column width=&#8221;1\/12&#8243;][\/vc_column][vc_column width=&#8221;5\/6&#8243;][vc_empty_space height=&#8221;50px&#8221;][vc_column_text]Als <strong>Ready Solution Provider<\/strong>, unterh\u00e4lt beON consult eine <strong>offizielle Partnerschaft<\/strong> mit Red Hat, weil sie der weltweit f\u00fchrende Anbieter der fortschrittlichsten Open-Source-L\u00f6sungen f\u00fcr Gro\u00dfkonzerne sind.<\/p>\n<p>Red Hat nutzt einen Community-getriebenen Ansatz, um high-performing Linux-, Cloud-, Container- und Kubernetes-Technologien bereitzustellen. Gemeinsam mit Red Hat unterst\u00fctzen wir unsere Kunden dabei, Umgebungen zu standardisieren, Cloud-native Anwendungen zu entwickeln und komplexe Umgebungen mit preisgekr\u00f6nten Support-, Schulungs- und Beratungsdienstleistungen zu integrieren, zu automatisieren, zu sichern und zu verwalten.<\/p>\n<p>Red Hat-Produkte schlie\u00dfen die L\u00fccke zwischen der Flexibilit\u00e4t der Open-Source-Community und der Kontinuit\u00e4t und dem Support einer Unternehmensl\u00f6sung. Setzen Sie auf die hohe Red Hat-Expertise von beON &#8211; und nutzen Sie die Red Hat-L\u00f6sungen in Ihrem Unternehmen zur Vereinfachung des Betriebs. Das von uns unterst\u00fctzte Red Hat Portfolio umfasst OpenShift, Red Hat Enterprise Linux RHEL, Red Hat Enterprise JBoss Middleware, Ansible Engine und Ansible Tower.[\/vc_column_text][\/vc_column][vc_column width=&#8221;1\/12&#8243;][\/vc_column][\/vc_row][vc_row row_color_scheme_outer=&#8221;white&#8221;][vc_column width=&#8221;1\/12&#8243;][\/vc_column][vc_column width=&#8221;5\/6&#8243;][vc_empty_space height=&#8221;20px&#8221;][vc_row_inner][vc_column_inner width=&#8221;1\/2&#8243;][dhsv_vc_button title=&#8221;RedHat Kompetenz&#8221; link=&#8221;url:https%3A%2F%2Fwww.beon.net%2Fde%2Funsere-consulting-services%2Funsere-expertise%2F%23red-hat-competency|title:RedHat%20Kompetenz&#8221; alignment=&#8221;left&#8221; fullwidth=&#8221;btn-fullwidth&#8221;][\/vc_column_inner][vc_column_inner width=&#8221;1\/2&#8243;][dhsv_vc_button title=&#8221;Details zur Partnerschaft&#8221; link=&#8221;url:https%3A%2F%2Fredhat.secure.force.com%2Ffinder%2FPFPartnerDetail%3Fid%3D0016000001EhFTbAAN|title:Details%20zur%20Partnerschaft&#8221; alignment=&#8221;right&#8221; fullwidth=&#8221;btn-fullwidth&#8221;][\/vc_column_inner][\/vc_row_inner][\/vc_column][vc_column width=&#8221;1\/12&#8243;][\/vc_column][\/vc_row][vc_row row_color_scheme=&#8221;white&#8221;][vc_column width=&#8221;1\/12&#8243;][\/vc_column][vc_column width=&#8221;5\/6&#8243;][vc_empty_space height=&#8221;120px&#8221;][\/vc_column][vc_column width=&#8221;1\/12&#8243;][\/vc_column][\/vc_row]<\/p>\n<\/div>","protected":false},"excerpt":{"rendered":"<p>[vc_row row_color_scheme_outer=&#8221;white&#8221;][vc_column width=&#8221;1\/12&#8243;][\/vc_column][vc_column width=&#8221;5\/6&#8243;][vc_empty_space height=&#8221;50px&#8221;][vc_column_text]Als Ready Solution Provider, unterh\u00e4lt beON consult eine offizielle Partnerschaft mit Red Hat, weil sie der weltweit f\u00fchrende Anbieter der fortschrittlichsten Open-Source-L\u00f6sungen f\u00fcr Gro\u00dfkonzerne sind. Red Hat nutzt einen Community-getriebenen Ansatz, um high-performing Linux-, Cloud-, Container- und Kubernetes-Technologien bereitzustellen. Gemeinsam mit Red Hat unterst\u00fctzen wir unsere Kunden dabei, Umgebungen zu standardisieren,<\/p>\n","protected":false},"author":5,"featured_media":5520,"parent":4055,"menu_order":0,"comment_status":"closed","ping_status":"closed","template":"","meta":{"_acf_changed":false,"footnotes":""},"class_list":["post-4146","page","type-page","status-publish","has-post-thumbnail","hentry"],"acf":[],"yoast_head":"<!-- This site is optimized with the Yoast SEO plugin v24.5 - https:\/\/yoast.com\/wordpress\/plugins\/seo\/ -->\n<title>Red Hat | beON consult<\/title>\n<meta name=\"description\" content=\"Red Hat verwendet einen gemeinschaftsbasierten Ansatz, um hochleistungsf\u00e4hige Linux-, Cloud-, Container- und Kubernetes-Technologien bereitzustellen.\" \/>\n<meta name=\"robots\" content=\"index, follow, max-snippet:-1, max-image-preview:large, max-video-preview:-1\" \/>\n<link rel=\"canonical\" href=\"https:\/\/www.beon.net\/de\/unsere-consulting-services\/strategische-partnerschaften\/redhat\/\" \/>\n<meta property=\"og:locale\" content=\"de_DE\" \/>\n<meta property=\"og:type\" content=\"article\" \/>\n<meta property=\"og:title\" content=\"Red Hat | beON consult\" \/>\n<meta property=\"og:description\" content=\"Red Hat verwendet einen gemeinschaftsbasierten Ansatz, um hochleistungsf\u00e4hige Linux-, Cloud-, Container- und Kubernetes-Technologien bereitzustellen.\" \/>\n<meta property=\"og:url\" content=\"https:\/\/www.beon.net\/de\/unsere-consulting-services\/strategische-partnerschaften\/redhat\/\" \/>\n<meta property=\"og:site_name\" content=\"beON consult\" \/>\n<meta property=\"article:modified_time\" content=\"2021-06-02T21:19:05+00:00\" \/>\n<meta property=\"og:image\" content=\"https:\/\/www.beon.net\/wp-content\/uploads\/AdobeStock_431857627-scaled.jpeg\" \/>\n\t<meta property=\"og:image:width\" content=\"2600\" \/>\n\t<meta property=\"og:image:height\" content=\"1003\" \/>\n\t<meta property=\"og:image:type\" content=\"image\/jpeg\" \/>\n<meta name=\"twitter:card\" content=\"summary_large_image\" \/>\n<meta name=\"twitter:label1\" content=\"Gesch\u00e4tzte Lesezeit\" \/>\n\t<meta name=\"twitter:data1\" content=\"1\u00a0Minute\" \/>\n<script type=\"application\/ld+json\" class=\"yoast-schema-graph\">{\"@context\":\"https:\/\/schema.org\",\"@graph\":[{\"@type\":\"WebPage\",\"@id\":\"https:\/\/www.beon.net\/de\/unsere-consulting-services\/strategische-partnerschaften\/redhat\/\",\"url\":\"https:\/\/www.beon.net\/de\/unsere-consulting-services\/strategische-partnerschaften\/redhat\/\",\"name\":\"Red Hat | beON consult\",\"isPartOf\":{\"@id\":\"https:\/\/landcon.de\/#website\"},\"primaryImageOfPage\":{\"@id\":\"https:\/\/www.beon.net\/de\/unsere-consulting-services\/strategische-partnerschaften\/redhat\/#primaryimage\"},\"image\":{\"@id\":\"https:\/\/www.beon.net\/de\/unsere-consulting-services\/strategische-partnerschaften\/redhat\/#primaryimage\"},\"thumbnailUrl\":\"https:\/\/www.beon.net\/wp-content\/uploads\/AdobeStock_431857627-scaled.jpeg\",\"datePublished\":\"2020-07-11T19:20:48+00:00\",\"dateModified\":\"2021-06-02T21:19:05+00:00\",\"description\":\"Red Hat verwendet einen gemeinschaftsbasierten Ansatz, um hochleistungsf\u00e4hige Linux-, Cloud-, Container- und Kubernetes-Technologien bereitzustellen.\",\"breadcrumb\":{\"@id\":\"https:\/\/www.beon.net\/de\/unsere-consulting-services\/strategische-partnerschaften\/redhat\/#breadcrumb\"},\"inLanguage\":\"de\",\"potentialAction\":[{\"@type\":\"ReadAction\",\"target\":[\"https:\/\/www.beon.net\/de\/unsere-consulting-services\/strategische-partnerschaften\/redhat\/\"]}]},{\"@type\":\"ImageObject\",\"inLanguage\":\"de\",\"@id\":\"https:\/\/www.beon.net\/de\/unsere-consulting-services\/strategische-partnerschaften\/redhat\/#primaryimage\",\"url\":\"https:\/\/www.beon.net\/wp-content\/uploads\/AdobeStock_431857627-scaled.jpeg\",\"contentUrl\":\"https:\/\/www.beon.net\/wp-content\/uploads\/AdobeStock_431857627-scaled.jpeg\",\"width\":2600,\"height\":1003,\"caption\":\"Dynamic lines abstract background. 3D shadow effects and fluid gradients. Modern overlapping forms\"},{\"@type\":\"BreadcrumbList\",\"@id\":\"https:\/\/www.beon.net\/de\/unsere-consulting-services\/strategische-partnerschaften\/redhat\/#breadcrumb\",\"itemListElement\":[{\"@type\":\"ListItem\",\"position\":1,\"name\":\"Home\",\"item\":\"https:\/\/beon.net\/de\/\"},{\"@type\":\"ListItem\",\"position\":2,\"name\":\"Unsere Consulting Services\",\"item\":\"https:\/\/beon.net\/de\/unsere-consulting-services\/\"},{\"@type\":\"ListItem\",\"position\":3,\"name\":\"Strategische Partnerschaften\",\"item\":\"https:\/\/beon.net\/de\/unsere-consulting-services\/strategische-partnerschaften\/\"},{\"@type\":\"ListItem\",\"position\":4,\"name\":\"Red Hat\"}]},{\"@type\":\"WebSite\",\"@id\":\"https:\/\/landcon.de\/#website\",\"url\":\"https:\/\/landcon.de\/\",\"name\":\"beON consult\",\"description\":\"Softwareberatung f\u00fcr Ihr Unternehmen\",\"publisher\":{\"@id\":\"https:\/\/landcon.de\/#organization\"},\"potentialAction\":[{\"@type\":\"SearchAction\",\"target\":{\"@type\":\"EntryPoint\",\"urlTemplate\":\"https:\/\/landcon.de\/?s={search_term_string}\"},\"query-input\":{\"@type\":\"PropertyValueSpecification\",\"valueRequired\":true,\"valueName\":\"search_term_string\"}}],\"inLanguage\":\"de\"},{\"@type\":\"Organization\",\"@id\":\"https:\/\/landcon.de\/#organization\",\"name\":\"BeON Consult GmbH\",\"url\":\"https:\/\/landcon.de\/\",\"logo\":{\"@type\":\"ImageObject\",\"inLanguage\":\"de\",\"@id\":\"https:\/\/landcon.de\/#\/schema\/logo\/image\/\",\"url\":\"https:\/\/beo001.dev.360vier.net\/wp-content\/uploads\/Logo-Search.png\",\"contentUrl\":\"https:\/\/beo001.dev.360vier.net\/wp-content\/uploads\/Logo-Search.png\",\"width\":169,\"height\":55,\"caption\":\"BeON Consult GmbH\"},\"image\":{\"@id\":\"https:\/\/landcon.de\/#\/schema\/logo\/image\/\"}}]}<\/script>\n<!-- \/ Yoast SEO plugin. -->","yoast_head_json":{"title":"Red Hat | beON consult","description":"Red Hat verwendet einen gemeinschaftsbasierten Ansatz, um hochleistungsf\u00e4hige Linux-, Cloud-, Container- und Kubernetes-Technologien bereitzustellen.","robots":{"index":"index","follow":"follow","max-snippet":"max-snippet:-1","max-image-preview":"max-image-preview:large","max-video-preview":"max-video-preview:-1"},"canonical":"https:\/\/www.beon.net\/de\/unsere-consulting-services\/strategische-partnerschaften\/redhat\/","og_locale":"de_DE","og_type":"article","og_title":"Red Hat | beON consult","og_description":"Red Hat verwendet einen gemeinschaftsbasierten Ansatz, um hochleistungsf\u00e4hige Linux-, Cloud-, Container- und Kubernetes-Technologien bereitzustellen.","og_url":"https:\/\/www.beon.net\/de\/unsere-consulting-services\/strategische-partnerschaften\/redhat\/","og_site_name":"beON consult","article_modified_time":"2021-06-02T21:19:05+00:00","og_image":[{"width":2600,"height":1003,"url":"https:\/\/www.beon.net\/wp-content\/uploads\/AdobeStock_431857627-scaled.jpeg","type":"image\/jpeg"}],"twitter_card":"summary_large_image","twitter_misc":{"Gesch\u00e4tzte Lesezeit":"1\u00a0Minute"},"schema":{"@context":"https:\/\/schema.org","@graph":[{"@type":"WebPage","@id":"https:\/\/www.beon.net\/de\/unsere-consulting-services\/strategische-partnerschaften\/redhat\/","url":"https:\/\/www.beon.net\/de\/unsere-consulting-services\/strategische-partnerschaften\/redhat\/","name":"Red Hat | beON consult","isPartOf":{"@id":"https:\/\/landcon.de\/#website"},"primaryImageOfPage":{"@id":"https:\/\/www.beon.net\/de\/unsere-consulting-services\/strategische-partnerschaften\/redhat\/#primaryimage"},"image":{"@id":"https:\/\/www.beon.net\/de\/unsere-consulting-services\/strategische-partnerschaften\/redhat\/#primaryimage"},"thumbnailUrl":"https:\/\/www.beon.net\/wp-content\/uploads\/AdobeStock_431857627-scaled.jpeg","datePublished":"2020-07-11T19:20:48+00:00","dateModified":"2021-06-02T21:19:05+00:00","description":"Red Hat verwendet einen gemeinschaftsbasierten Ansatz, um hochleistungsf\u00e4hige Linux-, Cloud-, Container- und Kubernetes-Technologien bereitzustellen.","breadcrumb":{"@id":"https:\/\/www.beon.net\/de\/unsere-consulting-services\/strategische-partnerschaften\/redhat\/#breadcrumb"},"inLanguage":"de","potentialAction":[{"@type":"ReadAction","target":["https:\/\/www.beon.net\/de\/unsere-consulting-services\/strategische-partnerschaften\/redhat\/"]}]},{"@type":"ImageObject","inLanguage":"de","@id":"https:\/\/www.beon.net\/de\/unsere-consulting-services\/strategische-partnerschaften\/redhat\/#primaryimage","url":"https:\/\/www.beon.net\/wp-content\/uploads\/AdobeStock_431857627-scaled.jpeg","contentUrl":"https:\/\/www.beon.net\/wp-content\/uploads\/AdobeStock_431857627-scaled.jpeg","width":2600,"height":1003,"caption":"Dynamic lines abstract background. 3D shadow effects and fluid gradients. Modern overlapping forms"},{"@type":"BreadcrumbList","@id":"https:\/\/www.beon.net\/de\/unsere-consulting-services\/strategische-partnerschaften\/redhat\/#breadcrumb","itemListElement":[{"@type":"ListItem","position":1,"name":"Home","item":"https:\/\/beon.net\/de\/"},{"@type":"ListItem","position":2,"name":"Unsere Consulting Services","item":"https:\/\/beon.net\/de\/unsere-consulting-services\/"},{"@type":"ListItem","position":3,"name":"Strategische Partnerschaften","item":"https:\/\/beon.net\/de\/unsere-consulting-services\/strategische-partnerschaften\/"},{"@type":"ListItem","position":4,"name":"Red Hat"}]},{"@type":"WebSite","@id":"https:\/\/landcon.de\/#website","url":"https:\/\/landcon.de\/","name":"beON consult","description":"Softwareberatung f\u00fcr Ihr Unternehmen","publisher":{"@id":"https:\/\/landcon.de\/#organization"},"potentialAction":[{"@type":"SearchAction","target":{"@type":"EntryPoint","urlTemplate":"https:\/\/landcon.de\/?s={search_term_string}"},"query-input":{"@type":"PropertyValueSpecification","valueRequired":true,"valueName":"search_term_string"}}],"inLanguage":"de"},{"@type":"Organization","@id":"https:\/\/landcon.de\/#organization","name":"BeON Consult GmbH","url":"https:\/\/landcon.de\/","logo":{"@type":"ImageObject","inLanguage":"de","@id":"https:\/\/landcon.de\/#\/schema\/logo\/image\/","url":"https:\/\/beo001.dev.360vier.net\/wp-content\/uploads\/Logo-Search.png","contentUrl":"https:\/\/beo001.dev.360vier.net\/wp-content\/uploads\/Logo-Search.png","width":169,"height":55,"caption":"BeON Consult GmbH"},"image":{"@id":"https:\/\/landcon.de\/#\/schema\/logo\/image\/"}}]}},"_links":{"self":[{"href":"https:\/\/www.beon.net\/de\/wp-json\/wp\/v2\/pages\/4146","targetHints":{"allow":["GET"]}}],"collection":[{"href":"https:\/\/www.beon.net\/de\/wp-json\/wp\/v2\/pages"}],"about":[{"href":"https:\/\/www.beon.net\/de\/wp-json\/wp\/v2\/types\/page"}],"author":[{"embeddable":true,"href":"https:\/\/www.beon.net\/de\/wp-json\/wp\/v2\/users\/5"}],"replies":[{"embeddable":true,"href":"https:\/\/www.beon.net\/de\/wp-json\/wp\/v2\/comments?post=4146"}],"version-history":[{"count":5,"href":"https:\/\/www.beon.net\/de\/wp-json\/wp\/v2\/pages\/4146\/revisions"}],"predecessor-version":[{"id":5524,"href":"https:\/\/www.beon.net\/de\/wp-json\/wp\/v2\/pages\/4146\/revisions\/5524"}],"up":[{"embeddable":true,"href":"https:\/\/www.beon.net\/de\/wp-json\/wp\/v2\/pages\/4055"}],"wp:featuredmedia":[{"embeddable":true,"href":"https:\/\/www.beon.net\/de\/wp-json\/wp\/v2\/media\/5520"}],"wp:attachment":[{"href":"https:\/\/www.beon.net\/de\/wp-json\/wp\/v2\/media?parent=4146"}],"curies":[{"name":"wp","href":"https:\/\/api.w.org\/{rel}","templated":true}]}}