{"id":4134,"date":"2020-07-11T21:10:44","date_gmt":"2020-07-11T19:10:44","guid":{"rendered":"https:\/\/www.beon.net\/strategic-partnerships\/cloudera\/"},"modified":"2020-07-11T22:32:01","modified_gmt":"2020-07-11T20:32:01","slug":"cloudera","status":"publish","type":"page","link":"https:\/\/www.beon.net\/de\/unsere-consulting-services\/strategische-partnerschaften\/cloudera\/","title":{"rendered":"Cloudera"},"content":{"rendered":"<div class=\"wpb-content-wrapper\"><p>[vc_row][vc_column width=&#8221;1\/12&#8243;][\/vc_column][vc_column width=&#8221;5\/6&#8243;][vc_empty_space height=&#8221;50px&#8221;][vc_column_text]Zu diesem Zweck arbeiten wir mit Cloudera zusammen, um eine Enterprise Data Cloud f\u00fcr jede Art von Daten, \u00fcberall, von Edge bis zur k\u00fcnstlichen Intelligenz, bereitzustellen. Angetrieben durch die unerm\u00fcdliche Innovation der Open-Source-Community beschleunigt Cloudera die digitale Transformation f\u00fcr die ma\u00dfgeblichen Unternehmen der Welt.[\/vc_column_text][vc_empty_space height=&#8221;100px&#8221;][\/vc_column][vc_column width=&#8221;1\/12&#8243;][\/vc_column][\/vc_row]<\/p>\n<\/div>","protected":false},"excerpt":{"rendered":"<p>[vc_row][vc_column width=&#8221;1\/12&#8243;][\/vc_column][vc_column width=&#8221;5\/6&#8243;][vc_empty_space height=&#8221;50px&#8221;][vc_column_text]Zu diesem Zweck arbeiten wir mit Cloudera zusammen, um eine Enterprise Data Cloud f\u00fcr jede Art von Daten, \u00fcberall, von Edge bis zur k\u00fcnstlichen Intelligenz, bereitzustellen. Angetrieben durch die unerm\u00fcdliche Innovation der Open-Source-Community beschleunigt Cloudera die digitale Transformation f\u00fcr die ma\u00dfgeblichen Unternehmen der Welt.[\/vc_column_text][vc_empty_space height=&#8221;100px&#8221;][\/vc_column][vc_column width=&#8221;1\/12&#8243;][\/vc_column][\/vc_row]<\/p>\n","protected":false},"author":5,"featured_media":3177,"parent":4055,"menu_order":0,"comment_status":"closed","ping_status":"closed","template":"","meta":{"_acf_changed":false,"footnotes":""},"class_list":["post-4134","page","type-page","status-publish","has-post-thumbnail","hentry"],"acf":[],"yoast_head":"<!-- This site is optimized with the Yoast SEO plugin v24.5 - https:\/\/yoast.com\/wordpress\/plugins\/seo\/ -->\n<title>Cloudera | beON consult<\/title>\n<meta name=\"description\" content=\"Angetrieben von der Innovation der Open-Source-Gemeinschaft beschleunigt Cloudera die digitale Transformation f\u00fcr die gr\u00f6\u00dften Unternehmen.\" \/>\n<meta name=\"robots\" content=\"index, follow, max-snippet:-1, max-image-preview:large, max-video-preview:-1\" \/>\n<link rel=\"canonical\" href=\"https:\/\/www.beon.net\/de\/unsere-consulting-services\/strategische-partnerschaften\/cloudera\/\" \/>\n<meta property=\"og:locale\" content=\"de_DE\" \/>\n<meta property=\"og:type\" content=\"article\" \/>\n<meta property=\"og:title\" content=\"Cloudera | beON consult\" \/>\n<meta property=\"og:description\" content=\"Angetrieben von der Innovation der Open-Source-Gemeinschaft beschleunigt Cloudera die digitale Transformation f\u00fcr die gr\u00f6\u00dften Unternehmen.\" \/>\n<meta property=\"og:url\" content=\"https:\/\/www.beon.net\/de\/unsere-consulting-services\/strategische-partnerschaften\/cloudera\/\" \/>\n<meta property=\"og:site_name\" content=\"beON consult\" \/>\n<meta property=\"article:modified_time\" content=\"2020-07-11T20:32:01+00:00\" \/>\n<meta property=\"og:image\" content=\"https:\/\/www.beon.net\/wp-content\/uploads\/Header30-2.png\" \/>\n\t<meta property=\"og:image:width\" content=\"2450\" \/>\n\t<meta property=\"og:image:height\" content=\"850\" \/>\n\t<meta property=\"og:image:type\" content=\"image\/png\" \/>\n<meta name=\"twitter:card\" content=\"summary_large_image\" \/>\n<script type=\"application\/ld+json\" class=\"yoast-schema-graph\">{\"@context\":\"https:\/\/schema.org\",\"@graph\":[{\"@type\":\"WebPage\",\"@id\":\"https:\/\/www.beon.net\/de\/unsere-consulting-services\/strategische-partnerschaften\/cloudera\/\",\"url\":\"https:\/\/www.beon.net\/de\/unsere-consulting-services\/strategische-partnerschaften\/cloudera\/\",\"name\":\"Cloudera | beON consult\",\"isPartOf\":{\"@id\":\"https:\/\/landcon.de\/#website\"},\"primaryImageOfPage\":{\"@id\":\"https:\/\/www.beon.net\/de\/unsere-consulting-services\/strategische-partnerschaften\/cloudera\/#primaryimage\"},\"image\":{\"@id\":\"https:\/\/www.beon.net\/de\/unsere-consulting-services\/strategische-partnerschaften\/cloudera\/#primaryimage\"},\"thumbnailUrl\":\"https:\/\/www.beon.net\/wp-content\/uploads\/Header30-2.png\",\"datePublished\":\"2020-07-11T19:10:44+00:00\",\"dateModified\":\"2020-07-11T20:32:01+00:00\",\"description\":\"Angetrieben von der Innovation der Open-Source-Gemeinschaft beschleunigt Cloudera die digitale Transformation f\u00fcr die gr\u00f6\u00dften Unternehmen.\",\"breadcrumb\":{\"@id\":\"https:\/\/www.beon.net\/de\/unsere-consulting-services\/strategische-partnerschaften\/cloudera\/#breadcrumb\"},\"inLanguage\":\"de\",\"potentialAction\":[{\"@type\":\"ReadAction\",\"target\":[\"https:\/\/www.beon.net\/de\/unsere-consulting-services\/strategische-partnerschaften\/cloudera\/\"]}]},{\"@type\":\"ImageObject\",\"inLanguage\":\"de\",\"@id\":\"https:\/\/www.beon.net\/de\/unsere-consulting-services\/strategische-partnerschaften\/cloudera\/#primaryimage\",\"url\":\"https:\/\/www.beon.net\/wp-content\/uploads\/Header30-2.png\",\"contentUrl\":\"https:\/\/www.beon.net\/wp-content\/uploads\/Header30-2.png\",\"width\":2450,\"height\":850},{\"@type\":\"BreadcrumbList\",\"@id\":\"https:\/\/www.beon.net\/de\/unsere-consulting-services\/strategische-partnerschaften\/cloudera\/#breadcrumb\",\"itemListElement\":[{\"@type\":\"ListItem\",\"position\":1,\"name\":\"Home\",\"item\":\"https:\/\/beon.net\/de\/\"},{\"@type\":\"ListItem\",\"position\":2,\"name\":\"Unsere Consulting Services\",\"item\":\"https:\/\/beon.net\/de\/unsere-consulting-services\/\"},{\"@type\":\"ListItem\",\"position\":3,\"name\":\"Strategische Partnerschaften\",\"item\":\"https:\/\/beon.net\/de\/unsere-consulting-services\/strategische-partnerschaften\/\"},{\"@type\":\"ListItem\",\"position\":4,\"name\":\"Cloudera\"}]},{\"@type\":\"WebSite\",\"@id\":\"https:\/\/landcon.de\/#website\",\"url\":\"https:\/\/landcon.de\/\",\"name\":\"beON consult\",\"description\":\"Softwareberatung f\u00fcr Ihr Unternehmen\",\"publisher\":{\"@id\":\"https:\/\/landcon.de\/#organization\"},\"potentialAction\":[{\"@type\":\"SearchAction\",\"target\":{\"@type\":\"EntryPoint\",\"urlTemplate\":\"https:\/\/landcon.de\/?s={search_term_string}\"},\"query-input\":{\"@type\":\"PropertyValueSpecification\",\"valueRequired\":true,\"valueName\":\"search_term_string\"}}],\"inLanguage\":\"de\"},{\"@type\":\"Organization\",\"@id\":\"https:\/\/landcon.de\/#organization\",\"name\":\"BeON Consult GmbH\",\"url\":\"https:\/\/landcon.de\/\",\"logo\":{\"@type\":\"ImageObject\",\"inLanguage\":\"de\",\"@id\":\"https:\/\/landcon.de\/#\/schema\/logo\/image\/\",\"url\":\"https:\/\/beo001.dev.360vier.net\/wp-content\/uploads\/Logo-Search.png\",\"contentUrl\":\"https:\/\/beo001.dev.360vier.net\/wp-content\/uploads\/Logo-Search.png\",\"width\":169,\"height\":55,\"caption\":\"BeON Consult GmbH\"},\"image\":{\"@id\":\"https:\/\/landcon.de\/#\/schema\/logo\/image\/\"}}]}<\/script>\n<!-- \/ Yoast SEO plugin. -->","yoast_head_json":{"title":"Cloudera | beON consult","description":"Angetrieben von der Innovation der Open-Source-Gemeinschaft beschleunigt Cloudera die digitale Transformation f\u00fcr die gr\u00f6\u00dften Unternehmen.","robots":{"index":"index","follow":"follow","max-snippet":"max-snippet:-1","max-image-preview":"max-image-preview:large","max-video-preview":"max-video-preview:-1"},"canonical":"https:\/\/www.beon.net\/de\/unsere-consulting-services\/strategische-partnerschaften\/cloudera\/","og_locale":"de_DE","og_type":"article","og_title":"Cloudera | beON consult","og_description":"Angetrieben von der Innovation der Open-Source-Gemeinschaft beschleunigt Cloudera die digitale Transformation f\u00fcr die gr\u00f6\u00dften Unternehmen.","og_url":"https:\/\/www.beon.net\/de\/unsere-consulting-services\/strategische-partnerschaften\/cloudera\/","og_site_name":"beON consult","article_modified_time":"2020-07-11T20:32:01+00:00","og_image":[{"width":2450,"height":850,"url":"https:\/\/www.beon.net\/wp-content\/uploads\/Header30-2.png","type":"image\/png"}],"twitter_card":"summary_large_image","schema":{"@context":"https:\/\/schema.org","@graph":[{"@type":"WebPage","@id":"https:\/\/www.beon.net\/de\/unsere-consulting-services\/strategische-partnerschaften\/cloudera\/","url":"https:\/\/www.beon.net\/de\/unsere-consulting-services\/strategische-partnerschaften\/cloudera\/","name":"Cloudera | beON consult","isPartOf":{"@id":"https:\/\/landcon.de\/#website"},"primaryImageOfPage":{"@id":"https:\/\/www.beon.net\/de\/unsere-consulting-services\/strategische-partnerschaften\/cloudera\/#primaryimage"},"image":{"@id":"https:\/\/www.beon.net\/de\/unsere-consulting-services\/strategische-partnerschaften\/cloudera\/#primaryimage"},"thumbnailUrl":"https:\/\/www.beon.net\/wp-content\/uploads\/Header30-2.png","datePublished":"2020-07-11T19:10:44+00:00","dateModified":"2020-07-11T20:32:01+00:00","description":"Angetrieben von der Innovation der Open-Source-Gemeinschaft beschleunigt Cloudera die digitale Transformation f\u00fcr die gr\u00f6\u00dften Unternehmen.","breadcrumb":{"@id":"https:\/\/www.beon.net\/de\/unsere-consulting-services\/strategische-partnerschaften\/cloudera\/#breadcrumb"},"inLanguage":"de","potentialAction":[{"@type":"ReadAction","target":["https:\/\/www.beon.net\/de\/unsere-consulting-services\/strategische-partnerschaften\/cloudera\/"]}]},{"@type":"ImageObject","inLanguage":"de","@id":"https:\/\/www.beon.net\/de\/unsere-consulting-services\/strategische-partnerschaften\/cloudera\/#primaryimage","url":"https:\/\/www.beon.net\/wp-content\/uploads\/Header30-2.png","contentUrl":"https:\/\/www.beon.net\/wp-content\/uploads\/Header30-2.png","width":2450,"height":850},{"@type":"BreadcrumbList","@id":"https:\/\/www.beon.net\/de\/unsere-consulting-services\/strategische-partnerschaften\/cloudera\/#breadcrumb","itemListElement":[{"@type":"ListItem","position":1,"name":"Home","item":"https:\/\/beon.net\/de\/"},{"@type":"ListItem","position":2,"name":"Unsere Consulting Services","item":"https:\/\/beon.net\/de\/unsere-consulting-services\/"},{"@type":"ListItem","position":3,"name":"Strategische Partnerschaften","item":"https:\/\/beon.net\/de\/unsere-consulting-services\/strategische-partnerschaften\/"},{"@type":"ListItem","position":4,"name":"Cloudera"}]},{"@type":"WebSite","@id":"https:\/\/landcon.de\/#website","url":"https:\/\/landcon.de\/","name":"beON consult","description":"Softwareberatung f\u00fcr Ihr Unternehmen","publisher":{"@id":"https:\/\/landcon.de\/#organization"},"potentialAction":[{"@type":"SearchAction","target":{"@type":"EntryPoint","urlTemplate":"https:\/\/landcon.de\/?s={search_term_string}"},"query-input":{"@type":"PropertyValueSpecification","valueRequired":true,"valueName":"search_term_string"}}],"inLanguage":"de"},{"@type":"Organization","@id":"https:\/\/landcon.de\/#organization","name":"BeON Consult GmbH","url":"https:\/\/landcon.de\/","logo":{"@type":"ImageObject","inLanguage":"de","@id":"https:\/\/landcon.de\/#\/schema\/logo\/image\/","url":"https:\/\/beo001.dev.360vier.net\/wp-content\/uploads\/Logo-Search.png","contentUrl":"https:\/\/beo001.dev.360vier.net\/wp-content\/uploads\/Logo-Search.png","width":169,"height":55,"caption":"BeON Consult GmbH"},"image":{"@id":"https:\/\/landcon.de\/#\/schema\/logo\/image\/"}}]}},"_links":{"self":[{"href":"https:\/\/www.beon.net\/de\/wp-json\/wp\/v2\/pages\/4134","targetHints":{"allow":["GET"]}}],"collection":[{"href":"https:\/\/www.beon.net\/de\/wp-json\/wp\/v2\/pages"}],"about":[{"href":"https:\/\/www.beon.net\/de\/wp-json\/wp\/v2\/types\/page"}],"author":[{"embeddable":true,"href":"https:\/\/www.beon.net\/de\/wp-json\/wp\/v2\/users\/5"}],"replies":[{"embeddable":true,"href":"https:\/\/www.beon.net\/de\/wp-json\/wp\/v2\/comments?post=4134"}],"version-history":[{"count":2,"href":"https:\/\/www.beon.net\/de\/wp-json\/wp\/v2\/pages\/4134\/revisions"}],"predecessor-version":[{"id":4136,"href":"https:\/\/www.beon.net\/de\/wp-json\/wp\/v2\/pages\/4134\/revisions\/4136"}],"up":[{"embeddable":true,"href":"https:\/\/www.beon.net\/de\/wp-json\/wp\/v2\/pages\/4055"}],"wp:featuredmedia":[{"embeddable":true,"href":"https:\/\/www.beon.net\/de\/wp-json\/wp\/v2\/media\/3177"}],"wp:attachment":[{"href":"https:\/\/www.beon.net\/de\/wp-json\/wp\/v2\/media?parent=4134"}],"curies":[{"name":"wp","href":"https:\/\/api.w.org\/{rel}","templated":true}]}}