{"id":4055,"date":"2020-07-11T21:00:43","date_gmt":"2020-07-11T19:00:43","guid":{"rendered":"https:\/\/www.beon.net\/strategic-partnerships\/"},"modified":"2024-05-17T14:28:48","modified_gmt":"2024-05-17T12:28:48","slug":"strategische-partnerschaften","status":"publish","type":"page","link":"https:\/\/www.beon.net\/de\/unsere-consulting-services\/strategische-partnerschaften\/","title":{"rendered":"Strategische Partnerschaften"},"content":{"rendered":"<div class=\"wpb-content-wrapper\"><p>[vc_row css=&#8221;.vc_custom_1715947465987{background-color: #000000 !important;}&#8221;][vc_column css=&#8221;.vc_custom_1715947454466{border-color: #000000 !important;}&#8221;][vc_empty_space height=&#8221;100px&#8221;][vc_column_text css=&#8221;&#8221;]<\/p>\n<h5 style=\"text-align: center;\"><span style=\"color: #999999;\">Unsere Berater und Entwickler haben dank unserer vielf\u00e4ltigen Partnerschaften Zugriff auf die neuesten Softwarel\u00f6sungen, Produkte und Tools. Diese Partnerschaften erm\u00f6glichen zudem bevorzugten Zugang zu Lizenzen, Demos, Entwicklungsumgebungen sowie exklusiven Ressourcen und Support. Dieses Wissen und diese Unterst\u00fctzung bef\u00e4higen sie, unsere Kunden bei der Integration, Migration und Automatisierung verschiedenster Softwaretechnologien optimal zu unterst\u00fctzen.<\/span><\/h5>\n<p>[\/vc_column_text][vc_empty_space height=&#8221;100px&#8221;][vc_single_image image=&#8221;6474&#8243; img_size=&#8221;medium&#8221; alignment=&#8221;center&#8221; css=&#8221;.vc_custom_1715947687372{background-color: #ffffff !important;border-color: #ffffff !important;}&#8221;][vc_empty_space height=&#8221;100px&#8221;][vc_row_inner css=&#8221;.vc_custom_1715947424835{border-color: #000000 !important;}&#8221;][vc_column_inner width=&#8221;1\/4&#8243;][dhsv_vc_button title=&#8221;To SAP&#8221; link=&#8221;url:https%3A%2F%2Fwww.beon.net%2Fde%2Funsere-consulting-services%2Fstrategische-partnerschaften%2Fsap%2F|title:SAP||&#8221; fullwidth=&#8221;btn-fullwidth&#8221;][\/vc_column_inner][vc_column_inner width=&#8221;1\/4&#8243;][dhsv_vc_button title=&#8221;To Red Hat&#8221; link=&#8221;url:https%3A%2F%2Fwww.beon.net%2Fde%2Funsere-consulting-services%2Fstrategische-partnerschaften%2Fredhat%2F|title:Red%20Hat&#8221; fullwidth=&#8221;btn-fullwidth&#8221;][\/vc_column_inner][vc_column_inner width=&#8221;1\/4&#8243;][dhsv_vc_button title=&#8221;To Confluent&#8221; link=&#8221;url:https%3A%2F%2Fwww.beon.net%2Fde%2Funsere-consulting-services%2Fstrategische-partnerschaften%2Fconfluent%2F|title:Confluent||&#8221; fullwidth=&#8221;btn-fullwidth&#8221;][\/vc_column_inner][vc_column_inner width=&#8221;1\/4&#8243;][dhsv_vc_button title=&#8221;More strategic partners&#8221; link=&#8221;url:https%3A%2F%2Fwww.beon.net%2Fde%2Funsere-consulting-services%2Fstrategische-partnerschaften%2Fmehr-technologiepartner%2F|title:More%20strategic%20partners||&#8221; fullwidth=&#8221;btn-fullwidth&#8221;][\/vc_column_inner][\/vc_row_inner][vc_empty_space height=&#8221;100px&#8221; css=&#8221;.vc_custom_1715947569187{background-color: #000000 !important;border-color: #000000 !important;}&#8221;][\/vc_column][\/vc_row]<\/p>\n<\/div>","protected":false},"excerpt":{"rendered":"<p>[vc_row css=&#8221;.vc_custom_1715947465987{background-color: #000000 !important;}&#8221;][vc_column css=&#8221;.vc_custom_1715947454466{border-color: #000000 !important;}&#8221;][vc_empty_space height=&#8221;100px&#8221;][vc_column_text css=&#8221;&#8221;] Unsere Berater und Entwickler haben dank unserer vielf\u00e4ltigen Partnerschaften Zugriff auf die neuesten Softwarel\u00f6sungen, Produkte und Tools. Diese Partnerschaften erm\u00f6glichen zudem bevorzugten Zugang zu Lizenzen, Demos, Entwicklungsumgebungen sowie exklusiven Ressourcen und Support. Dieses Wissen und diese Unterst\u00fctzung bef\u00e4higen sie, unsere Kunden bei der Integration, Migration und<\/p>\n","protected":false},"author":5,"featured_media":6793,"parent":4159,"menu_order":3,"comment_status":"closed","ping_status":"closed","template":"","meta":{"_acf_changed":false,"footnotes":""},"class_list":["post-4055","page","type-page","status-publish","has-post-thumbnail","hentry"],"acf":[],"yoast_head":"<!-- This site is optimized with the Yoast SEO plugin v24.5 - https:\/\/yoast.com\/wordpress\/plugins\/seo\/ -->\n<title>Strategische Partnerschaften | beON consult<\/title>\n<meta name=\"description\" content=\"beON unterst\u00fctzt Sie dabei, unterschiedliche Technologien in allen Unternehmensbereichen, von Big Data Analyse bis zur Cloud Transformation, zu nutzen.\" \/>\n<meta name=\"robots\" content=\"index, follow, max-snippet:-1, max-image-preview:large, max-video-preview:-1\" \/>\n<link rel=\"canonical\" href=\"https:\/\/www.beon.net\/de\/unsere-consulting-services\/strategische-partnerschaften\/\" \/>\n<meta property=\"og:locale\" content=\"de_DE\" \/>\n<meta property=\"og:type\" content=\"article\" \/>\n<meta property=\"og:title\" content=\"Strategische Partnerschaften | beON consult\" \/>\n<meta property=\"og:description\" content=\"beON unterst\u00fctzt Sie dabei, unterschiedliche Technologien in allen Unternehmensbereichen, von Big Data Analyse bis zur Cloud Transformation, zu nutzen.\" \/>\n<meta property=\"og:url\" content=\"https:\/\/www.beon.net\/de\/unsere-consulting-services\/strategische-partnerschaften\/\" \/>\n<meta property=\"og:site_name\" content=\"beON consult\" \/>\n<meta property=\"article:modified_time\" content=\"2024-05-17T12:28:48+00:00\" \/>\n<meta property=\"og:image\" content=\"https:\/\/beon.net\/wp-content\/uploads\/AdobeStock_360426505-scaled-e1715946214706.jpeg\" \/>\n\t<meta property=\"og:image:width\" content=\"2600\" \/>\n\t<meta property=\"og:image:height\" content=\"1463\" \/>\n\t<meta property=\"og:image:type\" content=\"image\/jpeg\" \/>\n<meta name=\"twitter:card\" content=\"summary_large_image\" \/>\n<meta name=\"twitter:label1\" content=\"Gesch\u00e4tzte Lesezeit\" \/>\n\t<meta name=\"twitter:data1\" content=\"1\u00a0Minute\" \/>\n<script type=\"application\/ld+json\" class=\"yoast-schema-graph\">{\"@context\":\"https:\/\/schema.org\",\"@graph\":[{\"@type\":\"WebPage\",\"@id\":\"https:\/\/www.beon.net\/de\/unsere-consulting-services\/strategische-partnerschaften\/\",\"url\":\"https:\/\/www.beon.net\/de\/unsere-consulting-services\/strategische-partnerschaften\/\",\"name\":\"Strategische Partnerschaften | beON consult\",\"isPartOf\":{\"@id\":\"https:\/\/landcon.de\/#website\"},\"primaryImageOfPage\":{\"@id\":\"https:\/\/www.beon.net\/de\/unsere-consulting-services\/strategische-partnerschaften\/#primaryimage\"},\"image\":{\"@id\":\"https:\/\/www.beon.net\/de\/unsere-consulting-services\/strategische-partnerschaften\/#primaryimage\"},\"thumbnailUrl\":\"https:\/\/www.beon.net\/wp-content\/uploads\/AdobeStock_360426505-scaled-e1715946214706.jpeg\",\"datePublished\":\"2020-07-11T19:00:43+00:00\",\"dateModified\":\"2024-05-17T12:28:48+00:00\",\"description\":\"beON unterst\u00fctzt Sie dabei, unterschiedliche Technologien in allen Unternehmensbereichen, von Big Data Analyse bis zur Cloud Transformation, zu nutzen.\",\"breadcrumb\":{\"@id\":\"https:\/\/www.beon.net\/de\/unsere-consulting-services\/strategische-partnerschaften\/#breadcrumb\"},\"inLanguage\":\"de\",\"potentialAction\":[{\"@type\":\"ReadAction\",\"target\":[\"https:\/\/www.beon.net\/de\/unsere-consulting-services\/strategische-partnerschaften\/\"]}]},{\"@type\":\"ImageObject\",\"inLanguage\":\"de\",\"@id\":\"https:\/\/www.beon.net\/de\/unsere-consulting-services\/strategische-partnerschaften\/#primaryimage\",\"url\":\"https:\/\/www.beon.net\/wp-content\/uploads\/AdobeStock_360426505-scaled-e1715946214706.jpeg\",\"contentUrl\":\"https:\/\/www.beon.net\/wp-content\/uploads\/AdobeStock_360426505-scaled-e1715946214706.jpeg\",\"width\":2600,\"height\":1463},{\"@type\":\"BreadcrumbList\",\"@id\":\"https:\/\/www.beon.net\/de\/unsere-consulting-services\/strategische-partnerschaften\/#breadcrumb\",\"itemListElement\":[{\"@type\":\"ListItem\",\"position\":1,\"name\":\"Home\",\"item\":\"https:\/\/www.beon.net\/de\/\"},{\"@type\":\"ListItem\",\"position\":2,\"name\":\"Unsere Consulting Services\",\"item\":\"https:\/\/beon.net\/de\/unsere-consulting-services\/\"},{\"@type\":\"ListItem\",\"position\":3,\"name\":\"Strategische Partnerschaften\"}]},{\"@type\":\"WebSite\",\"@id\":\"https:\/\/landcon.de\/#website\",\"url\":\"https:\/\/landcon.de\/\",\"name\":\"beON consult\",\"description\":\"Softwareberatung f\u00fcr Ihr Unternehmen\",\"publisher\":{\"@id\":\"https:\/\/landcon.de\/#organization\"},\"potentialAction\":[{\"@type\":\"SearchAction\",\"target\":{\"@type\":\"EntryPoint\",\"urlTemplate\":\"https:\/\/landcon.de\/?s={search_term_string}\"},\"query-input\":{\"@type\":\"PropertyValueSpecification\",\"valueRequired\":true,\"valueName\":\"search_term_string\"}}],\"inLanguage\":\"de\"},{\"@type\":\"Organization\",\"@id\":\"https:\/\/landcon.de\/#organization\",\"name\":\"BeON Consult GmbH\",\"url\":\"https:\/\/landcon.de\/\",\"logo\":{\"@type\":\"ImageObject\",\"inLanguage\":\"de\",\"@id\":\"https:\/\/landcon.de\/#\/schema\/logo\/image\/\",\"url\":\"https:\/\/beo001.dev.360vier.net\/wp-content\/uploads\/Logo-Search.png\",\"contentUrl\":\"https:\/\/beo001.dev.360vier.net\/wp-content\/uploads\/Logo-Search.png\",\"width\":169,\"height\":55,\"caption\":\"BeON Consult GmbH\"},\"image\":{\"@id\":\"https:\/\/landcon.de\/#\/schema\/logo\/image\/\"}}]}<\/script>\n<!-- \/ Yoast SEO plugin. -->","yoast_head_json":{"title":"Strategische Partnerschaften | beON consult","description":"beON unterst\u00fctzt Sie dabei, unterschiedliche Technologien in allen Unternehmensbereichen, von Big Data Analyse bis zur Cloud Transformation, zu nutzen.","robots":{"index":"index","follow":"follow","max-snippet":"max-snippet:-1","max-image-preview":"max-image-preview:large","max-video-preview":"max-video-preview:-1"},"canonical":"https:\/\/www.beon.net\/de\/unsere-consulting-services\/strategische-partnerschaften\/","og_locale":"de_DE","og_type":"article","og_title":"Strategische Partnerschaften | beON consult","og_description":"beON unterst\u00fctzt Sie dabei, unterschiedliche Technologien in allen Unternehmensbereichen, von Big Data Analyse bis zur Cloud Transformation, zu nutzen.","og_url":"https:\/\/www.beon.net\/de\/unsere-consulting-services\/strategische-partnerschaften\/","og_site_name":"beON consult","article_modified_time":"2024-05-17T12:28:48+00:00","og_image":[{"width":2600,"height":1463,"url":"https:\/\/beon.net\/wp-content\/uploads\/AdobeStock_360426505-scaled-e1715946214706.jpeg","type":"image\/jpeg"}],"twitter_card":"summary_large_image","twitter_misc":{"Gesch\u00e4tzte Lesezeit":"1\u00a0Minute"},"schema":{"@context":"https:\/\/schema.org","@graph":[{"@type":"WebPage","@id":"https:\/\/www.beon.net\/de\/unsere-consulting-services\/strategische-partnerschaften\/","url":"https:\/\/www.beon.net\/de\/unsere-consulting-services\/strategische-partnerschaften\/","name":"Strategische Partnerschaften | beON consult","isPartOf":{"@id":"https:\/\/landcon.de\/#website"},"primaryImageOfPage":{"@id":"https:\/\/www.beon.net\/de\/unsere-consulting-services\/strategische-partnerschaften\/#primaryimage"},"image":{"@id":"https:\/\/www.beon.net\/de\/unsere-consulting-services\/strategische-partnerschaften\/#primaryimage"},"thumbnailUrl":"https:\/\/www.beon.net\/wp-content\/uploads\/AdobeStock_360426505-scaled-e1715946214706.jpeg","datePublished":"2020-07-11T19:00:43+00:00","dateModified":"2024-05-17T12:28:48+00:00","description":"beON unterst\u00fctzt Sie dabei, unterschiedliche Technologien in allen Unternehmensbereichen, von Big Data Analyse bis zur Cloud Transformation, zu nutzen.","breadcrumb":{"@id":"https:\/\/www.beon.net\/de\/unsere-consulting-services\/strategische-partnerschaften\/#breadcrumb"},"inLanguage":"de","potentialAction":[{"@type":"ReadAction","target":["https:\/\/www.beon.net\/de\/unsere-consulting-services\/strategische-partnerschaften\/"]}]},{"@type":"ImageObject","inLanguage":"de","@id":"https:\/\/www.beon.net\/de\/unsere-consulting-services\/strategische-partnerschaften\/#primaryimage","url":"https:\/\/www.beon.net\/wp-content\/uploads\/AdobeStock_360426505-scaled-e1715946214706.jpeg","contentUrl":"https:\/\/www.beon.net\/wp-content\/uploads\/AdobeStock_360426505-scaled-e1715946214706.jpeg","width":2600,"height":1463},{"@type":"BreadcrumbList","@id":"https:\/\/www.beon.net\/de\/unsere-consulting-services\/strategische-partnerschaften\/#breadcrumb","itemListElement":[{"@type":"ListItem","position":1,"name":"Home","item":"https:\/\/www.beon.net\/de\/"},{"@type":"ListItem","position":2,"name":"Unsere Consulting Services","item":"https:\/\/beon.net\/de\/unsere-consulting-services\/"},{"@type":"ListItem","position":3,"name":"Strategische Partnerschaften"}]},{"@type":"WebSite","@id":"https:\/\/landcon.de\/#website","url":"https:\/\/landcon.de\/","name":"beON consult","description":"Softwareberatung f\u00fcr Ihr Unternehmen","publisher":{"@id":"https:\/\/landcon.de\/#organization"},"potentialAction":[{"@type":"SearchAction","target":{"@type":"EntryPoint","urlTemplate":"https:\/\/landcon.de\/?s={search_term_string}"},"query-input":{"@type":"PropertyValueSpecification","valueRequired":true,"valueName":"search_term_string"}}],"inLanguage":"de"},{"@type":"Organization","@id":"https:\/\/landcon.de\/#organization","name":"BeON Consult GmbH","url":"https:\/\/landcon.de\/","logo":{"@type":"ImageObject","inLanguage":"de","@id":"https:\/\/landcon.de\/#\/schema\/logo\/image\/","url":"https:\/\/beo001.dev.360vier.net\/wp-content\/uploads\/Logo-Search.png","contentUrl":"https:\/\/beo001.dev.360vier.net\/wp-content\/uploads\/Logo-Search.png","width":169,"height":55,"caption":"BeON Consult GmbH"},"image":{"@id":"https:\/\/landcon.de\/#\/schema\/logo\/image\/"}}]}},"_links":{"self":[{"href":"https:\/\/www.beon.net\/de\/wp-json\/wp\/v2\/pages\/4055","targetHints":{"allow":["GET"]}}],"collection":[{"href":"https:\/\/www.beon.net\/de\/wp-json\/wp\/v2\/pages"}],"about":[{"href":"https:\/\/www.beon.net\/de\/wp-json\/wp\/v2\/types\/page"}],"author":[{"embeddable":true,"href":"https:\/\/www.beon.net\/de\/wp-json\/wp\/v2\/users\/5"}],"replies":[{"embeddable":true,"href":"https:\/\/www.beon.net\/de\/wp-json\/wp\/v2\/comments?post=4055"}],"version-history":[{"count":5,"href":"https:\/\/www.beon.net\/de\/wp-json\/wp\/v2\/pages\/4055\/revisions"}],"predecessor-version":[{"id":6834,"href":"https:\/\/www.beon.net\/de\/wp-json\/wp\/v2\/pages\/4055\/revisions\/6834"}],"up":[{"embeddable":true,"href":"https:\/\/www.beon.net\/de\/wp-json\/wp\/v2\/pages\/4159"}],"wp:featuredmedia":[{"embeddable":true,"href":"https:\/\/www.beon.net\/de\/wp-json\/wp\/v2\/media\/6793"}],"wp:attachment":[{"href":"https:\/\/www.beon.net\/de\/wp-json\/wp\/v2\/media?parent=4055"}],"curies":[{"name":"wp","href":"https:\/\/api.w.org\/{rel}","templated":true}]}}